{"id":569,"date":"2026-03-19T07:39:44","date_gmt":"2026-03-19T06:39:44","guid":{"rendered":"https:\/\/dzba.de\/news\/?page_id=569"},"modified":"2026-03-19T07:39:45","modified_gmt":"2026-03-19T06:39:45","slug":"ueber-uns","status":"publish","type":"page","link":"https:\/\/dzba.de\/news\/ueber-uns\/","title":{"rendered":"\u00dcber uns"},"content":{"rendered":"\n<p>Die Deutsche Zentralbild-Agentur steht f\u00fcr aktuelle Nachrichten aus Ostdeutschland. Mit einem regionalen Fokus auf Th\u00fcringen, Sachsen, Sachsen-Anhalt, Brandenburg und Berlin berichtet die Agentur \u00fcber das politische, gesellschaftliche, wirtschaftliche und kulturelle Geschehen vor Ort.<\/p>\n\n\n\n<p>Der Anspruch der Deutschen Zentralbild-Agentur ist es, relevante Ereignisse nicht nur bildlich festzuhalten, sondern auch journalistisch einzuordnen. Deshalb verbindet die Agentur aktuelle Fotoberichterstattung mit passenden Texten und schafft so ein Nachrichtenangebot, das Information, Kontext und visuelle Dokumentation zusammenf\u00fchrt.<\/p>\n\n\n\n<p>Im Mittelpunkt stehen journalistische Qualit\u00e4t, sorgf\u00e4ltige Einordnung und publizistische Unabh\u00e4ngigkeit. Die Deutsche Zentralbild-Agentur versteht sich als verl\u00e4ssliche Quelle f\u00fcr alle, die sich f\u00fcr aktuelle Entwicklungen in Ostdeutschland interessieren und Wert auf glaubw\u00fcrdige Berichterstattung legen.<\/p>\n\n\n\n<p>Durch die Konzentration auf die Regionen Th\u00fcringen, Sachsen, Sachsen-Anhalt, Brandenburg und Berlin entsteht ein genauer Blick auf Themen, die das \u00f6ffentliche Leben im Osten pr\u00e4gen. So macht die Deutsche Zentralbild-Agentur regionale Entwicklungen sichtbar und ordnet sie in gr\u00f6\u00dfere Zusammenh\u00e4nge ein.<\/p>\n","protected":false},"excerpt":{"rendered":"<p>Die Deutsche Zentralbild-Agentur steht f\u00fcr aktuelle Nachrichten aus Ostdeutschland. Mit einem regionalen Fokus auf Th\u00fcringen, Sachsen, Sachsen-Anhalt, Brandenburg und Berlin berichtet die Agentur \u00fcber das politische, gesellschaftliche, wirtschaftliche und kulturelle Geschehen vor Ort. Der Anspruch der Deutschen Zentralbild-Agentur ist es, relevante Ereignisse nicht nur bildlich festzuhalten, sondern auch journalistisch einzuordnen. Deshalb verbindet die Agentur aktuelle&hellip;&nbsp;<\/p>\n","protected":false},"author":1,"featured_media":0,"parent":0,"menu_order":0,"comment_status":"closed","ping_status":"closed","template":"","meta":{"neve_meta_sidebar":"","neve_meta_container":"","neve_meta_enable_content_width":"","neve_meta_content_width":0,"neve_meta_title_alignment":"","neve_meta_author_avatar":"","neve_post_elements_order":"","neve_meta_disable_header":"","neve_meta_disable_footer":"","neve_meta_disable_title":"","footnotes":""},"class_list":["post-569","page","type-page","status-publish","hentry"],"wp-worthy-pixel":{"ignored":false,"public":null,"server":null,"url":null},"wp-worthy-type":"normal","_links":{"self":[{"href":"https:\/\/dzba.de\/news\/wp-json\/wp\/v2\/pages\/569","targetHints":{"allow":["GET"]}}],"collection":[{"href":"https:\/\/dzba.de\/news\/wp-json\/wp\/v2\/pages"}],"about":[{"href":"https:\/\/dzba.de\/news\/wp-json\/wp\/v2\/types\/page"}],"author":[{"embeddable":true,"href":"https:\/\/dzba.de\/news\/wp-json\/wp\/v2\/users\/1"}],"replies":[{"embeddable":true,"href":"https:\/\/dzba.de\/news\/wp-json\/wp\/v2\/comments?post=569"}],"version-history":[{"count":1,"href":"https:\/\/dzba.de\/news\/wp-json\/wp\/v2\/pages\/569\/revisions"}],"predecessor-version":[{"id":570,"href":"https:\/\/dzba.de\/news\/wp-json\/wp\/v2\/pages\/569\/revisions\/570"}],"wp:attachment":[{"href":"https:\/\/dzba.de\/news\/wp-json\/wp\/v2\/media?parent=569"}],"curies":[{"name":"wp","href":"https:\/\/api.w.org\/{rel}","templated":true}]}}